{"id":62,"date":"2024-05-25T13:47:45","date_gmt":"2024-05-25T13:47:45","guid":{"rendered":"https:\/\/casafunerariadelrosario.com\/?page_id=62"},"modified":"2024-06-05T01:11:17","modified_gmt":"2024-06-05T01:11:17","slug":"mas-beneficios-exclusivos","status":"publish","type":"page","link":"https:\/\/casafunerariadelrosario.com\/index.php\/mas-beneficios-exclusivos\/","title":{"rendered":"M\u00e1s Beneficios Exclusivos"},"content":{"rendered":"\n<div class=\"wp-block-group alignfull has-global-padding is-layout-constrained wp-container-core-group-is-layout-490fa1db wp-block-group-is-layout-constrained\" style=\"padding-top:var(--wp--preset--spacing--50);padding-right:var(--wp--preset--spacing--50);padding-bottom:var(--wp--preset--spacing--50);padding-left:var(--wp--preset--spacing--50)\">\n<div class=\"wp-block-group has-global-padding is-layout-constrained wp-container-core-group-is-layout-650790e1 wp-block-group-is-layout-constrained\">\n<h1 class=\"wp-block-heading has-text-align-center has-x-large-font-size\">\u00abBrindamos m\u00e1s que servicios funerarios<\/h1>\n\n\n\n<div style=\"height:1.25rem\" aria-hidden=\"true\" class=\"wp-block-spacer\"><\/div>\n\n\n\n<p class=\"has-text-align-center\">con descuentos en an\u00e1lisis de laboratorio, consulta m\u00e9dica gratuita, ex\u00e1menes de la vista sin costo y convenios dentales, cuidamos de tu bienestar integral en cada paso del camino.\u00bb<\/p>\n\n\n\n<div style=\"height:1.25rem\" aria-hidden=\"true\" class=\"wp-block-spacer\"><\/div>\n\n\n\n<div class=\"wp-block-buttons is-content-justification-center is-layout-flex wp-container-core-buttons-is-layout-a89b3969 wp-block-buttons-is-layout-flex\">\n<div class=\"wp-block-button\"><a class=\"wp-block-button__link wp-element-button\" href=\"TEL: +52 33 1557 5568\">PIDE INFORMES<\/a><\/div>\n<\/div>\n<\/div>\n\n\n\n<div style=\"height:var(--wp--preset--spacing--30)\" aria-hidden=\"true\" class=\"wp-block-spacer\"><\/div>\n\n\n\n<figure class=\"wp-block-image alignwide size-full is-style-rounded is-style-rounded--1\"><img loading=\"lazy\" decoding=\"async\" width=\"1430\" height=\"948\" src=\"https:\/\/casafunerariadelrosario.com\/wp-content\/uploads\/2024\/05\/Captura-de-pantalla-2024-05-25-a-las-7.54.41.png\" alt=\"\" class=\"wp-image-68\" srcset=\"https:\/\/casafunerariadelrosario.com\/wp-content\/uploads\/2024\/05\/Captura-de-pantalla-2024-05-25-a-las-7.54.41.png 1430w, https:\/\/casafunerariadelrosario.com\/wp-content\/uploads\/2024\/05\/Captura-de-pantalla-2024-05-25-a-las-7.54.41-300x199.png 300w, https:\/\/casafunerariadelrosario.com\/wp-content\/uploads\/2024\/05\/Captura-de-pantalla-2024-05-25-a-las-7.54.41-1024x679.png 1024w, https:\/\/casafunerariadelrosario.com\/wp-content\/uploads\/2024\/05\/Captura-de-pantalla-2024-05-25-a-las-7.54.41-768x509.png 768w\" sizes=\"auto, (max-width: 1430px) 100vw, 1430px\" \/><\/figure>\n<\/div>\n\n\n\n<div class=\"wp-block-group alignfull has-base-2-background-color has-background has-global-padding is-layout-constrained wp-container-core-group-is-layout-669513ed wp-block-group-is-layout-constrained\" style=\"margin-top:0;margin-bottom:0;padding-top:var(--wp--preset--spacing--50);padding-right:var(--wp--preset--spacing--50);padding-bottom:var(--wp--preset--spacing--50);padding-left:var(--wp--preset--spacing--50)\">\n<div class=\"wp-block-group is-vertical is-content-justification-center is-layout-flex wp-container-core-group-is-layout-52b864f0 wp-block-group-is-layout-flex\">\n<h2 class=\"wp-block-heading has-text-align-center is-style-asterisk\">Bienestar Familiar<\/h2>\n\n\n\n<div style=\"height:0px\" aria-hidden=\"true\" class=\"wp-block-spacer wp-container-content-4f2ccadb\"><\/div>\n\n\n\n<p class=\"has-text-align-center\">\u00abDisfruta de beneficios exclusivos gracias a nuestros convenios.\u00bb<\/p>\n<\/div>\n\n\n\n<div style=\"margin-top:0;margin-bottom:0;height:var(--wp--preset--spacing--40)\" aria-hidden=\"true\" class=\"wp-block-spacer\"><\/div>\n\n\n\n<div class=\"wp-block-columns alignwide is-layout-flex wp-container-core-columns-is-layout-d0bbbce0 wp-block-columns-is-layout-flex\">\n<div class=\"wp-block-column is-layout-flow wp-container-core-column-is-layout-e3d1c41b wp-block-column-is-layout-flow\">\n<h3 class=\"wp-block-heading has-text-align-left is-style-asterisk has-body-font-family has-medium-font-size\" style=\"font-style:normal;font-weight:600\">Consulta m\u00e9dica gratuita<\/h3>\n\n\n\n<p class=\"has-text-align-left\">Accede a atenci\u00f3n m\u00e9dica sin costo para un cuidado integral y tranquilidad<\/p>\n\n\n\n<figure class=\"wp-block-image size-full\"><img loading=\"lazy\" decoding=\"async\" width=\"718\" height=\"403\" src=\"https:\/\/casafunerariadelrosario.com\/wp-content\/uploads\/2024\/05\/CONSULTA-GRATUITA-CUPON.png\" alt=\"\" class=\"wp-image-46\" srcset=\"https:\/\/casafunerariadelrosario.com\/wp-content\/uploads\/2024\/05\/CONSULTA-GRATUITA-CUPON.png 718w, https:\/\/casafunerariadelrosario.com\/wp-content\/uploads\/2024\/05\/CONSULTA-GRATUITA-CUPON-300x168.png 300w\" sizes=\"auto, (max-width: 718px) 100vw, 718px\" \/><\/figure>\n<\/div>\n\n\n\n<div class=\"wp-block-column is-layout-flow wp-container-core-column-is-layout-e3d1c41b wp-block-column-is-layout-flow\">\n<h3 class=\"wp-block-heading has-text-align-left is-style-asterisk has-body-font-family has-medium-font-size\" style=\"font-style:normal;font-weight:600\">ANALISIS DE LABORATORIO<\/h3>\n\n\n\n<p class=\"has-text-align-left\">Cuidamos tu bienestar con descuentos especiales en an\u00e1lisis de laboratorio<\/p>\n\n\n\n<figure class=\"wp-block-image size-full\"><img loading=\"lazy\" decoding=\"async\" width=\"718\" height=\"404\" src=\"https:\/\/casafunerariadelrosario.com\/wp-content\/uploads\/2024\/05\/EXAMEN-LABORATOTIO-CUPON.png\" alt=\"\" class=\"wp-image-48\" srcset=\"https:\/\/casafunerariadelrosario.com\/wp-content\/uploads\/2024\/05\/EXAMEN-LABORATOTIO-CUPON.png 718w, https:\/\/casafunerariadelrosario.com\/wp-content\/uploads\/2024\/05\/EXAMEN-LABORATOTIO-CUPON-300x169.png 300w\" sizes=\"auto, (max-width: 718px) 100vw, 718px\" \/><\/figure>\n<\/div>\n\n\n\n<div class=\"wp-block-column is-layout-flow wp-container-core-column-is-layout-e3d1c41b wp-block-column-is-layout-flow\">\n<h3 class=\"wp-block-heading has-text-align-left is-style-asterisk has-body-font-family has-medium-font-size\" style=\"font-style:normal;font-weight:600\">Descuentos en Servicios Funerarios<\/h3>\n\n\n\n<p class=\"has-text-align-left\">Descuento especial en nuestros servicios funerarios<\/p>\n\n\n\n<figure class=\"wp-block-image size-full\"><img loading=\"lazy\" decoding=\"async\" width=\"718\" height=\"404\" src=\"https:\/\/casafunerariadelrosario.com\/wp-content\/uploads\/2024\/05\/SERVICIOS-FUNERARIOS-CUPON.png\" alt=\"\" class=\"wp-image-49\" srcset=\"https:\/\/casafunerariadelrosario.com\/wp-content\/uploads\/2024\/05\/SERVICIOS-FUNERARIOS-CUPON.png 718w, https:\/\/casafunerariadelrosario.com\/wp-content\/uploads\/2024\/05\/SERVICIOS-FUNERARIOS-CUPON-300x169.png 300w\" sizes=\"auto, (max-width: 718px) 100vw, 718px\" \/><\/figure>\n<\/div>\n<\/div>\n\n\n\n<div style=\"height:var(--wp--preset--spacing--20)\" aria-hidden=\"true\" class=\"wp-block-spacer\"><\/div>\n\n\n\n<div class=\"wp-block-columns alignwide is-layout-flex wp-container-core-columns-is-layout-d0bbbce0 wp-block-columns-is-layout-flex\">\n<div class=\"wp-block-column is-layout-flow wp-container-core-column-is-layout-e3d1c41b wp-block-column-is-layout-flow\">\n<h3 class=\"wp-block-heading has-text-align-left is-style-asterisk has-body-font-family has-medium-font-size\" style=\"font-style:normal;font-weight:600\">DENTISTA<\/h3>\n\n\n\n<p class=\"has-text-align-left\">Mantenemos tu sonrisa radiante con nuestro convenio dental exclusivo<\/p>\n\n\n\n<figure class=\"wp-block-image size-full\"><img loading=\"lazy\" decoding=\"async\" width=\"718\" height=\"404\" src=\"https:\/\/casafunerariadelrosario.com\/wp-content\/uploads\/2024\/05\/DENTISTA-CUPON.png\" alt=\"\" class=\"wp-image-50\" srcset=\"https:\/\/casafunerariadelrosario.com\/wp-content\/uploads\/2024\/05\/DENTISTA-CUPON.png 718w, https:\/\/casafunerariadelrosario.com\/wp-content\/uploads\/2024\/05\/DENTISTA-CUPON-300x169.png 300w\" sizes=\"auto, (max-width: 718px) 100vw, 718px\" \/><\/figure>\n<\/div>\n\n\n\n<div class=\"wp-block-column is-layout-flow wp-container-core-column-is-layout-e3d1c41b wp-block-column-is-layout-flow\">\n<h3 class=\"wp-block-heading has-text-align-left is-style-asterisk has-body-font-family has-medium-font-size\" style=\"font-style:normal;font-weight:600\">EXAMEN DE LA VISTA GRATIS<\/h3>\n\n\n\n<p class=\"has-text-align-left\">cortes\u00eda para examen de la vista sin costo<\/p>\n\n\n\n<figure class=\"wp-block-image size-full\"><img loading=\"lazy\" decoding=\"async\" width=\"718\" height=\"404\" src=\"https:\/\/casafunerariadelrosario.com\/wp-content\/uploads\/2024\/05\/EXAMEN-VISTA-CUPON.png\" alt=\"\" class=\"wp-image-47\" srcset=\"https:\/\/casafunerariadelrosario.com\/wp-content\/uploads\/2024\/05\/EXAMEN-VISTA-CUPON.png 718w, https:\/\/casafunerariadelrosario.com\/wp-content\/uploads\/2024\/05\/EXAMEN-VISTA-CUPON-300x169.png 300w\" sizes=\"auto, (max-width: 718px) 100vw, 718px\" \/><\/figure>\n<\/div>\n\n\n\n<div class=\"wp-block-column is-layout-flow wp-container-core-column-is-layout-e3d1c41b wp-block-column-is-layout-flow\"><\/div>\n<\/div>\n<\/div>\n","protected":false},"excerpt":{"rendered":"<p>\u00abBrindamos m\u00e1s que servicios funerarios con descuentos en an\u00e1lisis de laboratorio, consulta m\u00e9dica gratuita, ex\u00e1menes de la vista sin costo y convenios dentales, cuidamos de tu bienestar integral en cada paso del camino.\u00bb Bienestar Familiar \u00abDisfruta de beneficios exclusivos gracias a nuestros convenios.\u00bb Consulta m\u00e9dica gratuita Accede a atenci\u00f3n m\u00e9dica sin costo para un cuidado [&hellip;]<\/p>\n","protected":false},"author":1,"featured_media":0,"parent":0,"menu_order":0,"comment_status":"closed","ping_status":"closed","template":"","meta":{"footnotes":""},"class_list":["post-62","page","type-page","status-publish","hentry"],"_links":{"self":[{"href":"https:\/\/casafunerariadelrosario.com\/index.php\/wp-json\/wp\/v2\/pages\/62","targetHints":{"allow":["GET"]}}],"collection":[{"href":"https:\/\/casafunerariadelrosario.com\/index.php\/wp-json\/wp\/v2\/pages"}],"about":[{"href":"https:\/\/casafunerariadelrosario.com\/index.php\/wp-json\/wp\/v2\/types\/page"}],"author":[{"embeddable":true,"href":"https:\/\/casafunerariadelrosario.com\/index.php\/wp-json\/wp\/v2\/users\/1"}],"replies":[{"embeddable":true,"href":"https:\/\/casafunerariadelrosario.com\/index.php\/wp-json\/wp\/v2\/comments?post=62"}],"version-history":[{"count":5,"href":"https:\/\/casafunerariadelrosario.com\/index.php\/wp-json\/wp\/v2\/pages\/62\/revisions"}],"predecessor-version":[{"id":123,"href":"https:\/\/casafunerariadelrosario.com\/index.php\/wp-json\/wp\/v2\/pages\/62\/revisions\/123"}],"wp:attachment":[{"href":"https:\/\/casafunerariadelrosario.com\/index.php\/wp-json\/wp\/v2\/media?parent=62"}],"curies":[{"name":"wp","href":"https:\/\/api.w.org\/{rel}","templated":true}]}}