{"id":56,"date":"2024-05-25T13:26:41","date_gmt":"2024-05-25T13:26:41","guid":{"rendered":"https:\/\/casafunerariadelrosario.com\/?page_id=56"},"modified":"2024-06-05T01:12:02","modified_gmt":"2024-06-05T01:12:02","slug":"paquetes-de-prevision","status":"publish","type":"page","link":"https:\/\/casafunerariadelrosario.com\/index.php\/paquetes-de-prevision\/","title":{"rendered":"PAQUETES DE PREVISI\u00d3N"},"content":{"rendered":"\n<div class=\"wp-block-group alignfull has-global-padding is-layout-constrained wp-container-core-group-is-layout-490fa1db wp-block-group-is-layout-constrained\" style=\"padding-top:var(--wp--preset--spacing--50);padding-right:var(--wp--preset--spacing--50);padding-bottom:var(--wp--preset--spacing--50);padding-left:var(--wp--preset--spacing--50)\">\n<div class=\"wp-block-group has-global-padding is-layout-constrained wp-container-core-group-is-layout-650790e1 wp-block-group-is-layout-constrained\">\n<h1 class=\"wp-block-heading has-text-align-center has-x-large-font-size\">\u00abNuestros planes de pago te brindan tranquilidad en momentos dif\u00edciles.\u00bb<\/h1>\n\n\n\n<div style=\"height:1.25rem\" aria-hidden=\"true\" class=\"wp-block-spacer\"><\/div>\n\n\n\n<p class=\"has-text-align-center\">Solicita informaci\u00f3n<\/p>\n\n\n\n<div style=\"height:1.25rem\" aria-hidden=\"true\" class=\"wp-block-spacer\"><\/div>\n\n\n\n<div class=\"wp-block-buttons is-content-justification-center is-layout-flex wp-container-core-buttons-is-layout-a89b3969 wp-block-buttons-is-layout-flex\">\n<div class=\"wp-block-button\"><a class=\"wp-block-button__link wp-element-button\" href=\"https:\/\/wa.me\/+52 33 1557 5568\"><strong><strong>WhatsApp<\/strong><\/strong><\/a><\/div>\n<\/div>\n<\/div>\n\n\n\n<div style=\"height:var(--wp--preset--spacing--30)\" aria-hidden=\"true\" class=\"wp-block-spacer\"><\/div>\n\n\n\n<figure class=\"wp-block-image alignwide size-full is-style-rounded is-style-rounded--1\"><img loading=\"lazy\" decoding=\"async\" width=\"980\" height=\"654\" src=\"https:\/\/casafunerariadelrosario.com\/wp-content\/uploads\/2024\/05\/padre-e-hija-sentados-cesped-parque-disfrutando-juntos-atardecer-980x654-1.jpg\" alt=\"\" class=\"wp-image-58\" srcset=\"https:\/\/casafunerariadelrosario.com\/wp-content\/uploads\/2024\/05\/padre-e-hija-sentados-cesped-parque-disfrutando-juntos-atardecer-980x654-1.jpg 980w, https:\/\/casafunerariadelrosario.com\/wp-content\/uploads\/2024\/05\/padre-e-hija-sentados-cesped-parque-disfrutando-juntos-atardecer-980x654-1-300x200.jpg 300w, https:\/\/casafunerariadelrosario.com\/wp-content\/uploads\/2024\/05\/padre-e-hija-sentados-cesped-parque-disfrutando-juntos-atardecer-980x654-1-768x513.jpg 768w\" sizes=\"auto, (max-width: 980px) 100vw, 980px\" \/><\/figure>\n<\/div>\n\n\n\n<div class=\"wp-block-group alignfull has-base-2-background-color has-background has-global-padding is-layout-constrained wp-container-core-group-is-layout-669513ed wp-block-group-is-layout-constrained\" style=\"margin-top:0;margin-bottom:0;padding-top:var(--wp--preset--spacing--50);padding-right:var(--wp--preset--spacing--50);padding-bottom:var(--wp--preset--spacing--50);padding-left:var(--wp--preset--spacing--50)\">\n<div class=\"wp-block-group is-vertical is-content-justification-center is-layout-flex wp-container-core-group-is-layout-52b864f0 wp-block-group-is-layout-flex\">\n<h2 class=\"wp-block-heading has-text-align-center is-style-asterisk\">NUESTROS PAQUETES DE PREVISI\u00d3N<\/h2>\n\n\n\n<div style=\"height:0px\" aria-hidden=\"true\" class=\"wp-block-spacer wp-container-content-4f2ccadb\"><\/div>\n\n\n\n<p class=\"has-text-align-center\">Para brindarte tranquilidad en momentos dif\u00edciles.<\/p>\n<\/div>\n\n\n\n<div style=\"margin-top:0;margin-bottom:0;height:var(--wp--preset--spacing--40)\" aria-hidden=\"true\" class=\"wp-block-spacer\"><\/div>\n\n\n\n<div class=\"wp-block-columns alignwide is-layout-flex wp-container-core-columns-is-layout-d0bbbce0 wp-block-columns-is-layout-flex\">\n<div class=\"wp-block-column is-layout-flow wp-container-core-column-is-layout-e3d1c41b wp-block-column-is-layout-flow\">\n<h3 class=\"wp-block-heading has-text-align-left is-style-asterisk has-body-font-family has-medium-font-size\" style=\"font-style:normal;font-weight:600\">TRASNFERIBLES<\/h3>\n\n\n\n<p class=\"has-text-align-left\">\u00abNuestros contratos pueden transferirse completamente a familiares y amigos.\u00bb<\/p>\n<\/div>\n\n\n\n<div class=\"wp-block-column is-layout-flow wp-container-core-column-is-layout-e3d1c41b wp-block-column-is-layout-flow\">\n<h3 class=\"wp-block-heading has-text-align-left is-style-asterisk has-body-font-family has-medium-font-size\" style=\"font-style:normal;font-weight:600\">INTEGRAL<\/h3>\n\n\n\n<p class=\"has-text-align-left\">\u00ab\u00danicos en brindar una oferta integral: servicio funerario y propiedades para el descanso final.\u00bb<\/p>\n<\/div>\n\n\n\n<div class=\"wp-block-column is-layout-flow wp-container-core-column-is-layout-e3d1c41b wp-block-column-is-layout-flow\">\n<h3 class=\"wp-block-heading has-text-align-left is-style-asterisk has-body-font-family has-medium-font-size\" style=\"font-style:normal;font-weight:600\">FLEXIBLES<\/h3>\n\n\n\n<p class=\"has-text-align-left\">\u00abPlanes flexibles: elige entre inhumaci\u00f3n o cremaci\u00f3n, ambas opciones incluidas en el plan al momento de necesitar el servicio.\u00bb<\/p>\n<\/div>\n<\/div>\n\n\n\n<div style=\"height:var(--wp--preset--spacing--20)\" aria-hidden=\"true\" class=\"wp-block-spacer\"><\/div>\n\n\n\n<div class=\"wp-block-columns alignwide is-layout-flex wp-container-core-columns-is-layout-d0bbbce0 wp-block-columns-is-layout-flex\">\n<div class=\"wp-block-column is-layout-flow wp-container-core-column-is-layout-e3d1c41b wp-block-column-is-layout-flow\">\n<h3 class=\"wp-block-heading has-text-align-left is-style-asterisk has-body-font-family has-medium-font-size\" style=\"font-style:normal;font-weight:600\">CONTARAS CON VARIAS OPCIONES<\/h3>\n\n\n\n<p class=\"has-text-align-left\">\u00abTotalmente ajustables a tus requerimientos.\u00bb<\/p>\n<\/div>\n\n\n\n<div class=\"wp-block-column is-layout-flow wp-container-core-column-is-layout-e3d1c41b wp-block-column-is-layout-flow\">\n<h3 class=\"wp-block-heading has-text-align-left is-style-asterisk has-body-font-family has-medium-font-size\" style=\"font-style:normal;font-weight:600\">C\u00d3MODOS PAGOS<\/h3>\n\n\n\n<p class=\"has-text-align-left\">\u00abOpciones de pago convenientes.\u00bb<\/p>\n<\/div>\n\n\n\n<div class=\"wp-block-column is-layout-flow wp-container-core-column-is-layout-e3d1c41b wp-block-column-is-layout-flow\">\n<h3 class=\"wp-block-heading has-text-align-left is-style-asterisk has-body-font-family has-medium-font-size\" style=\"font-style:normal;font-weight:600\">ASISTENCIA SOCIAL<\/h3>\n\n\n\n<p class=\"has-text-align-left\">MEJORAMOS TUS EXPECTATIVAS<\/p>\n<\/div>\n<\/div>\n<\/div>\n\n\n\n<div class=\"wp-block-group alignfull has-base-color has-contrast-background-color has-text-color has-background has-global-padding is-layout-constrained wp-container-core-group-is-layout-ef3d885c wp-block-group-is-layout-constrained\" style=\"margin-top:0;margin-bottom:0;padding-top:var(--wp--preset--spacing--60);padding-right:var(--wp--preset--spacing--60);padding-bottom:var(--wp--preset--spacing--60);padding-left:var(--wp--preset--spacing--60)\">\n<div class=\"wp-block-group has-global-padding is-layout-constrained wp-block-group-is-layout-constrained\">\n<p class=\"has-text-align-center has-base-color has-text-color has-heading-font-family has-x-large-font-size\" style=\"line-height:1.2\"><em>\u00abEn el jard\u00edn de los recuerdos, cada l\u00e1grima regada es una flor que florece, record\u00e1ndonos que el amor nunca muere, permanece su eterna belleza.\u00bb<\/em><\/p>\n\n\n\n<div style=\"height:var(--wp--preset--spacing--10)\" aria-hidden=\"true\" class=\"wp-block-spacer\"><\/div>\n\n\n\n<div class=\"wp-block-group is-vertical is-content-justification-center is-nowrap is-layout-flex wp-container-core-group-is-layout-2dc08cea wp-block-group-is-layout-flex\">\n\n\n<p class=\"has-text-align-center\" style=\"margin-top:var(--wp--preset--spacing--10);margin-bottom:0\">Joel Ramirez<\/p>\n\n\n\n<p class=\"has-text-align-center has-contrast-3-color has-text-color has-small-font-size\" style=\"font-style:normal;font-weight:300\">Gerente<\/p>\n<\/div>\n<\/div>\n<\/div>\n","protected":false},"excerpt":{"rendered":"<p>\u00abNuestros planes de pago te brindan tranquilidad en momentos dif\u00edciles.\u00bb Solicita informaci\u00f3n NUESTROS PAQUETES DE PREVISI\u00d3N Para brindarte tranquilidad en momentos dif\u00edciles. TRASNFERIBLES \u00abNuestros contratos pueden transferirse completamente a familiares y amigos.\u00bb INTEGRAL \u00ab\u00danicos en brindar una oferta integral: servicio funerario y propiedades para el descanso final.\u00bb FLEXIBLES \u00abPlanes flexibles: elige entre inhumaci\u00f3n o cremaci\u00f3n, [&hellip;]<\/p>\n","protected":false},"author":1,"featured_media":0,"parent":0,"menu_order":0,"comment_status":"closed","ping_status":"closed","template":"","meta":{"footnotes":""},"class_list":["post-56","page","type-page","status-publish","hentry"],"_links":{"self":[{"href":"https:\/\/casafunerariadelrosario.com\/index.php\/wp-json\/wp\/v2\/pages\/56","targetHints":{"allow":["GET"]}}],"collection":[{"href":"https:\/\/casafunerariadelrosario.com\/index.php\/wp-json\/wp\/v2\/pages"}],"about":[{"href":"https:\/\/casafunerariadelrosario.com\/index.php\/wp-json\/wp\/v2\/types\/page"}],"author":[{"embeddable":true,"href":"https:\/\/casafunerariadelrosario.com\/index.php\/wp-json\/wp\/v2\/users\/1"}],"replies":[{"embeddable":true,"href":"https:\/\/casafunerariadelrosario.com\/index.php\/wp-json\/wp\/v2\/comments?post=56"}],"version-history":[{"count":7,"href":"https:\/\/casafunerariadelrosario.com\/index.php\/wp-json\/wp\/v2\/pages\/56\/revisions"}],"predecessor-version":[{"id":126,"href":"https:\/\/casafunerariadelrosario.com\/index.php\/wp-json\/wp\/v2\/pages\/56\/revisions\/126"}],"wp:attachment":[{"href":"https:\/\/casafunerariadelrosario.com\/index.php\/wp-json\/wp\/v2\/media?parent=56"}],"curies":[{"name":"wp","href":"https:\/\/api.w.org\/{rel}","templated":true}]}}