{"id":12,"date":"2024-05-25T12:17:06","date_gmt":"2024-05-25T12:17:06","guid":{"rendered":"https:\/\/casafunerariadelrosario.com\/?page_id=12"},"modified":"2024-06-05T02:45:44","modified_gmt":"2024-06-05T02:45:44","slug":"servicio-funerario","status":"publish","type":"page","link":"https:\/\/casafunerariadelrosario.com\/index.php\/servicio-funerario\/","title":{"rendered":"SERVICIO FUNERARIO"},"content":{"rendered":"\n<div class=\"wp-block-group alignfull has-accent-background-color has-background has-global-padding is-layout-constrained wp-container-core-group-is-layout-669513ed wp-block-group-is-layout-constrained\" style=\"margin-top:0;margin-bottom:0;padding-top:var(--wp--preset--spacing--50);padding-right:var(--wp--preset--spacing--50);padding-bottom:var(--wp--preset--spacing--50);padding-left:var(--wp--preset--spacing--50)\">\n<div class=\"wp-block-columns alignwide is-layout-flex wp-container-core-columns-is-layout-1da03c2a wp-block-columns-is-layout-flex\">\n<div class=\"wp-block-column is-vertically-aligned-stretch is-layout-flow wp-block-column-is-layout-flow\" style=\"flex-basis:50%\">\n<div class=\"wp-block-group is-vertical is-content-justification-stretch is-layout-flex wp-container-core-group-is-layout-444d5ee8 wp-block-group-is-layout-flex\" style=\"min-height:100%\">\n<pre class=\"wp-block-verse has-heading-font-family has-x-large-font-size\" style=\"line-height:1.2\">Conf\u00eda en nosotros para cuidar de ti en los momentos m\u00e1s sensibles. <\/pre>\n\n\n\n<p class=\"has-heading-font-family has-large-font-size\" style=\"line-height:1.2\">Cont\u00e1ctanos hoy para obtener m\u00e1s informaci\u00f3n.<\/p>\n\n\n\n<div class=\"wp-block-group has-global-padding is-content-justification-left is-layout-constrained wp-container-core-group-is-layout-9fe8ed88 wp-block-group-is-layout-constrained\">\n<p class=\"has-medium-font-size wp-container-content-0733e5d0\"><strong><a href=\"javascript:void()\">Reportar un fallecimiento al<\/a>:<\/strong><\/p>\n\n\n\n<p class=\"has-large-font-size wp-container-content-0733e5d0\"><strong>33 1557 5568<\/strong>, 3741096019 <\/p>\n\n\n\n<p>o da clic al bot\u00f3n<\/p>\n\n\n\n<div class=\"wp-block-buttons is-layout-flex wp-block-buttons-is-layout-flex\">\n<div class=\"wp-block-button\"><a class=\"wp-block-button__link wp-element-button\" href=\"tel:33 1557 5568\">LLAMAR<\/a><\/div>\n<\/div>\n<\/div>\n<\/div>\n<\/div>\n\n\n\n<div class=\"wp-block-column is-vertically-aligned-center is-layout-flow wp-block-column-is-layout-flow\" style=\"flex-basis:50%\">\n<figure class=\"wp-block-image size-full is-style-rounded is-style-rounded--1\"><img loading=\"lazy\" decoding=\"async\" width=\"612\" height=\"408\" src=\"https:\/\/casafunerariadelrosario.com\/wp-content\/uploads\/2024\/05\/image.jpeg\" alt=\"247.700+ Familia Hablando Fotograf\u00edas de stock, fotos e im\u00e1genes libres de derechos - iStock\" class=\"wp-image-82\" style=\"aspect-ratio:3\/4;object-fit:cover\" srcset=\"https:\/\/casafunerariadelrosario.com\/wp-content\/uploads\/2024\/05\/image.jpeg 612w, https:\/\/casafunerariadelrosario.com\/wp-content\/uploads\/2024\/05\/image-300x200.jpeg 300w\" sizes=\"auto, (max-width: 612px) 100vw, 612px\" \/><figcaption class=\"wp-element-caption\">Un padre y su hija platican sobre temas de planificaci\u00f3n financiera para su funeral.<\/figcaption><\/figure>\n<\/div>\n<\/div>\n<\/div>\n\n\n\n<div class=\"wp-block-group alignfull has-accent-5-background-color has-background has-global-padding is-layout-constrained wp-container-core-group-is-layout-d89aad35 wp-block-group-is-layout-constrained\" style=\"margin-top:0;margin-bottom:0;padding-top:var(--wp--preset--spacing--50);padding-right:var(--wp--preset--spacing--50);padding-bottom:var(--wp--preset--spacing--50);padding-left:var(--wp--preset--spacing--50)\">\n<div class=\"wp-block-columns alignwide is-layout-flex wp-container-core-columns-is-layout-1da03c2a wp-block-columns-is-layout-flex\">\n<div class=\"wp-block-column is-vertically-aligned-center is-layout-flow wp-block-column-is-layout-flow\" style=\"flex-basis:60%\">\n<figure class=\"wp-block-image size-full is-style-rounded wp-duotone-unset-3 is-style-rounded--2\"><img loading=\"lazy\" decoding=\"async\" width=\"800\" height=\"533\" src=\"https:\/\/casafunerariadelrosario.com\/wp-content\/uploads\/2024\/05\/2bfa55ae548fda86f600ef678d0b12da.avif\" alt=\"\" class=\"wp-image-109\" style=\"aspect-ratio:4\/3;object-fit:cover\" srcset=\"https:\/\/casafunerariadelrosario.com\/wp-content\/uploads\/2024\/05\/2bfa55ae548fda86f600ef678d0b12da.avif 800w, https:\/\/casafunerariadelrosario.com\/wp-content\/uploads\/2024\/05\/2bfa55ae548fda86f600ef678d0b12da-300x200.avif 300w, https:\/\/casafunerariadelrosario.com\/wp-content\/uploads\/2024\/05\/2bfa55ae548fda86f600ef678d0b12da-768x512.avif 768w\" sizes=\"auto, (max-width: 800px) 100vw, 800px\" \/><\/figure>\n<\/div>\n\n\n\n<div class=\"wp-block-column is-layout-flow wp-block-column-is-layout-flow\" style=\"flex-basis:40%\">\n<h2 class=\"wp-block-heading\">Nuestros Servicios<\/h2>\n\n\n\n<p>\u00abDescubre nuestros servicios integrales dise\u00f1ados para brindarte apoyo y tranquilidad en cada etapa del proceso, honrando la memoria de tus seres queridos con respeto y dedicaci\u00f3n.\u00bb<\/p>\n\n\n\n<div class=\"wp-block-buttons is-layout-flex wp-block-buttons-is-layout-flex\">\n<div class=\"wp-block-button\"><a class=\"wp-block-button__link wp-element-button\" href=\"https:\/\/casafunerariadelrosario.com\/index.php\/nuestros-servicios\/\">Conoce m\u00e1s de nuestros servicios<\/a><\/div>\n<\/div>\n<\/div>\n<\/div>\n<\/div>\n\n\n\n<div class=\"wp-block-group alignfull has-global-padding is-layout-constrained wp-container-core-group-is-layout-669513ed wp-block-group-is-layout-constrained\" style=\"margin-top:0;margin-bottom:0;padding-top:var(--wp--preset--spacing--50);padding-right:var(--wp--preset--spacing--50);padding-bottom:var(--wp--preset--spacing--50);padding-left:var(--wp--preset--spacing--50)\">\n<div class=\"wp-block-group is-vertical is-content-justification-center is-layout-flex wp-container-core-group-is-layout-ce155fab wp-block-group-is-layout-flex\">\n<h2 class=\"wp-block-heading has-text-align-center has-xx-large-font-size\">Conoce a nuestro Equipo de trabajo<\/h2>\n\n\n\n<p class=\"has-text-align-center\">\u00abNuestro equipo de trabajo, compuesto por profesionales compasivos y expertos en cada detalle, est\u00e1 dedicado a brindarte apoyo integral y cuidado en los momentos que m\u00e1s lo necesitas, asegurando que cada despedida sea digna y memorable.\u00bb<\/p>\n<\/div>\n\n\n\n<div style=\"height:var(--wp--preset--spacing--30)\" aria-hidden=\"true\" class=\"wp-block-spacer\"><\/div>\n\n\n\n<div class=\"wp-block-columns alignwide is-layout-flex wp-container-core-columns-is-layout-4935966c wp-block-columns-is-layout-flex\" style=\"padding-right:0;padding-left:0\">\n<div class=\"wp-block-column is-layout-flow wp-block-column-is-layout-flow\">\n\n\n<div class=\"wp-block-group is-vertical is-content-justification-center is-nowrap is-layout-flex wp-container-core-group-is-layout-21d4e958 wp-block-group-is-layout-flex\">\n<p class=\"has-text-align-center has-small-font-size\"><strong>Joel Ramirez<\/strong><\/p>\n\n\n\n<p class=\"has-text-align-center has-small-font-size\">Gerente<\/p>\n<\/div>\n<\/div>\n\n\n\n<div class=\"wp-block-column is-layout-flow wp-block-column-is-layout-flow\">\n\n\n<div class=\"wp-block-group is-vertical is-content-justification-center is-nowrap is-layout-flex wp-container-core-group-is-layout-63bfd6c1 wp-block-group-is-layout-flex\">\n<p class=\"has-text-align-center has-small-font-size\"><strong>Henry M<\/strong><\/p>\n\n\n\n<p class=\"has-text-align-center has-small-font-size\">Ventas<\/p>\n<\/div>\n<\/div>\n\n\n\n<div class=\"wp-block-column is-layout-flow wp-block-column-is-layout-flow\">\n\n\n<div class=\"wp-block-group is-vertical is-content-justification-center is-nowrap is-layout-flex wp-container-core-group-is-layout-63bfd6c1 wp-block-group-is-layout-flex\">\n<p class=\"has-text-align-center has-small-font-size\"><strong>Mariana r<\/strong><\/p>\n\n\n\n<p class=\"has-text-align-center has-small-font-size\">Ventas<\/p>\n<\/div>\n<\/div>\n\n\n\n<div class=\"wp-block-column is-layout-flow wp-block-column-is-layout-flow\">\n\n\n<div class=\"wp-block-group is-vertical is-content-justification-center is-nowrap is-layout-flex wp-container-core-group-is-layout-21d4e958 wp-block-group-is-layout-flex\">\n<p class=\"has-text-align-center has-small-font-size\"><strong>Lucas L<\/strong><\/p>\n\n\n\n<p class=\"has-text-align-center has-small-font-size\">Promotor<\/p>\n<\/div>\n<\/div>\n<\/div>\n<\/div>\n\n\n\n<div class=\"wp-block-group alignfull has-global-padding is-layout-constrained wp-container-core-group-is-layout-d89aad35 wp-block-group-is-layout-constrained\" style=\"margin-top:0;margin-bottom:0;padding-top:var(--wp--preset--spacing--50);padding-right:var(--wp--preset--spacing--50);padding-bottom:var(--wp--preset--spacing--50);padding-left:var(--wp--preset--spacing--50)\">\n<div class=\"wp-block-group alignwide has-base-2-background-color has-background is-layout-flow wp-block-group-is-layout-flow\" style=\"border-radius:16px;padding-top:var(--wp--preset--spacing--50);padding-right:var(--wp--preset--spacing--50);padding-bottom:var(--wp--preset--spacing--50);padding-left:var(--wp--preset--spacing--50)\">\n<p class=\"has-text-align-center\">We\u2019ve worked with some of the best companies.<\/p>\n\n\n\n<div style=\"height:var(--wp--preset--spacing--10)\" aria-hidden=\"true\" class=\"wp-block-spacer\"><\/div>\n\n\n\n<div class=\"wp-block-group alignwide is-content-justification-center is-layout-flex wp-container-core-group-is-layout-f95ffa09 wp-block-group-is-layout-flex\" style=\"padding-top:0;padding-right:0;padding-bottom:0;padding-left:0\">\n\n\n\n\n\n\n\n<\/div>\n<\/div>\n<\/div>\n\n\n\n<div class=\"wp-block-group alignfull has-base-color has-contrast-background-color has-text-color has-background has-link-color wp-elements-e4421ac7a9692a3491fd11000607e880 has-global-padding is-layout-constrained wp-container-core-group-is-layout-d89aad35 wp-block-group-is-layout-constrained\" style=\"margin-top:0;margin-bottom:0;padding-top:var(--wp--preset--spacing--50);padding-right:var(--wp--preset--spacing--50);padding-bottom:var(--wp--preset--spacing--50);padding-left:var(--wp--preset--spacing--50)\">\n<h2 class=\"wp-block-heading alignwide has-base-color has-text-color has-link-color wp-elements-9dab4fcd2a0b3e9447c5963276efc3fd\" style=\"font-size:clamp(4.509rem, 4.509rem + ((1vw - 0.2rem) * 9.152), 10rem);letter-spacing:-0.02em\">Preguntas Frecuentes<\/h2>\n\n\n\n<div class=\"wp-block-group alignwide is-layout-flow wp-block-group-is-layout-flow\">\n<hr class=\"wp-block-separator has-text-color has-base-color has-alpha-channel-opacity has-base-background-color has-background is-style-wide\"\/>\n\n\n\n<details class=\"wp-block-details is-style-arrow-icon-details has-medium-font-size is-layout-flow wp-block-details-is-layout-flow\" style=\"border-top-style:none;border-top-width:0px;border-right-style:none;border-right-width:0px;border-bottom-color:var(--wp--preset--color--base);border-bottom-style:solid;border-bottom-width:1px;border-left-style:none;border-left-width:0px;margin-top:0\"><summary>\u00bfCu\u00e1les son los servicios funerarios disponibles?<\/summary>\n<p class=\"has-contrast-1-color has-text-color has-link-color wp-elements-6a88133c08b20a5a0ce3d45f4894f076\">Ofrecemos servicios de inhumaci\u00f3n, cremaci\u00f3n, velatorios y asesor\u00eda legal.<\/p>\n<\/details>\n\n\n\n<details class=\"wp-block-details is-style-arrow-icon-details has-medium-font-size is-layout-flow wp-block-details-is-layout-flow\" style=\"border-top-style:none;border-top-width:0px;border-right-style:none;border-right-width:0px;border-bottom-color:var(--wp--preset--color--base);border-bottom-style:solid;border-bottom-width:1px;border-left-style:none;border-left-width:0px;margin-top:0\"><summary><strong>\u00bfQu\u00e9 opciones de inhumaci\u00f3n y cremaci\u00f3n ofrecen?<\/strong><\/summary>\n<p class=\"has-contrast-1-color has-text-color has-link-color wp-elements-59327f017a4abdf4c8dae371751ea093\">Tenemos opciones personalizadas para ambos, adaptadas a tus necesidades y deseos.<\/p>\n<\/details>\n\n\n\n<details class=\"wp-block-details is-style-arrow-icon-details has-medium-font-size is-layout-flow wp-block-details-is-layout-flow\" style=\"border-top-style:none;border-top-width:0px;border-right-style:none;border-right-width:0px;border-bottom-color:var(--wp--preset--color--base);border-bottom-style:solid;border-bottom-width:1px;border-left-style:none;border-left-width:0px;margin-top:0\"><summary><strong>\u00bfC\u00f3mo se pueden personalizar las ceremonias?<\/strong><\/summary>\n<p class=\"has-contrast-1-color has-text-color has-link-color wp-elements-f168d092420f8a370d093dc1ace025c8\">Puedes elegir m\u00fasica, lecturas, decoraci\u00f3n y m\u00e1s para reflejar la vida del ser querido.<\/p>\n<\/details>\n\n\n\n<details class=\"wp-block-details is-style-arrow-icon-details has-medium-font-size is-layout-flow wp-block-details-is-layout-flow\" style=\"border-top-style:none;border-top-width:0px;border-right-style:none;border-right-width:0px;border-bottom-color:var(--wp--preset--color--base);border-bottom-style:solid;border-bottom-width:1px;border-left-style:none;border-left-width:0px;margin-top:0\"><summary><strong>\u00bfCu\u00e1l es el costo aproximado de los servicios funerarios?<\/strong><\/summary>\n<p class=\"has-contrast-1-color has-text-color has-link-color wp-elements-b3085baeaaa0655d26d5b8e4070efc73\">Los costos var\u00edan seg\u00fan los servicios elegidos; cont\u00e1ctanos para un presupuesto detallado<\/p>\n<\/details>\n\n\n\n<details class=\"wp-block-details is-style-arrow-icon-details has-medium-font-size is-layout-flow wp-block-details-is-layout-flow\" style=\"border-top-style:none;border-top-width:0px;border-right-style:none;border-right-width:0px;border-bottom-color:var(--wp--preset--color--base);border-bottom-style:solid;border-bottom-width:1px;border-left-style:none;border-left-width:0px;margin-top:0\"><summary><strong><strong>\u00bfOfrecen planes de pago o financiamiento?<\/strong><\/strong><\/summary>\n<p class=\"has-contrast-1-color has-text-color has-link-color wp-elements-c5a3ca59734b51051d21274716308858\">S\u00ed, ofrecemos opciones de pago flexibles para adaptarnos a tu situaci\u00f3n financiera.<\/p>\n<\/details>\n\n\n\n<details class=\"wp-block-details is-style-arrow-icon-details has-medium-font-size is-layout-flow wp-block-details-is-layout-flow\" style=\"border-top-style:none;border-top-width:0px;border-right-style:none;border-right-width:0px;border-bottom-color:var(--wp--preset--color--base);border-bottom-style:solid;border-bottom-width:1px;border-left-style:none;border-left-width:0px;margin-top:0\"><summary><strong><strong>\u00bfC\u00f3mo se manejan los tr\u00e1mites legales y administrativos?<\/strong><\/strong><\/summary>\n<p class=\"has-contrast-1-color has-text-color has-link-color wp-elements-1277c23da5f7e788afa42bbfca3f1cf7\">Nos encargamos de todos los tr\u00e1mites legales y administrativos para tu tranquilidad.<\/p>\n<\/details>\n\n\n\n<details class=\"wp-block-details is-style-arrow-icon-details has-medium-font-size is-layout-flow wp-block-details-is-layout-flow\" style=\"border-top-style:none;border-top-width:0px;border-right-style:none;border-right-width:0px;border-bottom-color:var(--wp--preset--color--base);border-bottom-style:solid;border-bottom-width:1px;border-left-style:none;border-left-width:0px;margin-top:0\"><summary><strong><strong>\u00bfPueden transferirse los contratos a familiares?<\/strong><\/strong><\/summary>\n<p class=\"has-contrast-1-color has-text-color has-link-color wp-elements-bfd09a48fac958ab477de035e0db876d\">S\u00ed, nuestros contratos son 100% transferibles a familiares y amigos.<\/p>\n<\/details>\n\n\n\n<details class=\"wp-block-details is-style-arrow-icon-details has-medium-font-size is-layout-flow wp-block-details-is-layout-flow\" style=\"border-top-style:none;border-top-width:0px;border-right-style:none;border-right-width:0px;border-bottom-color:var(--wp--preset--color--base);border-bottom-style:solid;border-bottom-width:1px;border-left-style:none;border-left-width:0px;margin-top:0\"><summary><strong><strong>\u00bfQu\u00e9 opciones hay para la preplanificaci\u00f3n funeraria?<\/strong><\/strong><\/summary>\n<p class=\"has-contrast-1-color has-text-color has-link-color wp-elements-278c18f8f486a6448f44fab052eaaf59\">Ofrecemos planes de preplanificaci\u00f3n personalizados para asegurar que se cumplan tus deseos.<\/p>\n<\/details>\n\n\n\n<details class=\"wp-block-details is-style-arrow-icon-details has-medium-font-size is-layout-flow wp-block-details-is-layout-flow\" style=\"border-top-style:none;border-top-width:0px;border-right-style:none;border-right-width:0px;border-bottom-color:var(--wp--preset--color--base);border-bottom-style:solid;border-bottom-width:1px;border-left-style:none;border-left-width:0px;margin-top:0\"><summary><strong><strong>\u00bfTienen convenios con empresas de salud u otros beneficios?<\/strong><\/strong><\/summary>\n<p class=\"has-contrast-1-color has-text-color has-link-color wp-elements-c44d6ab79ec96837a1db7cc5fa66051e\">S\u00ed, contamos con convenios para servicios de salud como consultas m\u00e9dicas y dentales gratuitas.<\/p>\n<\/details>\n\n\n\n<details class=\"wp-block-details is-style-arrow-icon-details has-medium-font-size is-layout-flow wp-block-details-is-layout-flow\" style=\"border-top-style:none;border-top-width:0px;border-right-style:none;border-right-width:0px;border-bottom-color:var(--wp--preset--color--base);border-bottom-style:solid;border-bottom-width:1px;border-left-style:none;border-left-width:0px;margin-top:0\"><summary><strong><strong>\u00bfProporcionan apoyo emocional para familias en duelo?<\/strong><\/strong><\/summary>\n<p class=\"has-contrast-1-color has-text-color has-link-color wp-elements-7512cc36d7ca2b2141ed05fbc6cd44be\">S\u00ed, ofrecemos apoyo emocional y asesor\u00eda en tanatolog\u00eda para ayudarte a sobrellevar el duelo.<\/p>\n<\/details>\n\n\n\n<details class=\"wp-block-details is-style-arrow-icon-details has-medium-font-size is-layout-flow wp-block-details-is-layout-flow\" style=\"border-top-style:none;border-top-width:0px;border-right-style:none;border-right-width:0px;border-bottom-color:var(--wp--preset--color--base);border-bottom-style:solid;border-bottom-width:1px;border-left-style:none;border-left-width:0px;margin-top:0\"><summary><strong><strong>\u00bfQu\u00e9 sucede si ocurre un fallecimiento fuera del \u00e1rea de servicio?<\/strong><\/strong><\/summary>\n<p class=\"has-contrast-1-color has-text-color has-link-color wp-elements-3c55270f7af967bde8c4534a51e3b4f5\">Coordinamos el traslado del cuerpo desde cualquier ubicaci\u00f3n para garantizar un servicio integral.<\/p>\n<\/details>\n\n\n\n<details class=\"wp-block-details is-style-arrow-icon-details has-medium-font-size is-layout-flow wp-block-details-is-layout-flow\" style=\"border-top-style:none;border-top-width:0px;border-right-style:none;border-right-width:0px;border-bottom-color:var(--wp--preset--color--base);border-bottom-style:solid;border-bottom-width:1px;border-left-style:none;border-left-width:0px;margin-top:0\"><summary><strong><strong>\u00bfCu\u00e1l es el proceso para obtener certificados de defunci\u00f3n?<\/strong><\/strong><\/summary>\n<p class=\"has-contrast-1-color has-text-color has-link-color wp-elements-fa16d1de49788f8fce44862b0fe4f634\">Gestionamos la obtenci\u00f3n de certificados de defunci\u00f3n como parte de nuestros servicios.<\/p>\n<\/details>\n\n\n\n<details class=\"wp-block-details is-style-arrow-icon-details has-medium-font-size is-layout-flow wp-block-details-is-layout-flow\" style=\"border-top-style:none;border-top-width:0px;border-right-style:none;border-right-width:0px;border-bottom-color:var(--wp--preset--color--base);border-bottom-style:solid;border-bottom-width:1px;border-left-style:none;border-left-width:0px;margin-top:0\"><summary><strong><strong>\u00bfQu\u00e9 tipo de atenci\u00f3n post-funeral ofrecen?<\/strong><\/strong><\/summary>\n<p class=\"has-contrast-1-color has-text-color has-link-color wp-elements-8f1084e84e3696b34595320025406175\">Ofrecemos seguimiento y apoyo a las familias despu\u00e9s del funeral, incluyendo asesor\u00eda en tr\u00e1mites y apoyo emocional.<\/p>\n<\/details>\n\n\n\n<details class=\"wp-block-details is-style-arrow-icon-details has-medium-font-size is-layout-flow wp-block-details-is-layout-flow\" style=\"border-top-style:none;border-top-width:0px;border-right-style:none;border-right-width:0px;border-bottom-color:var(--wp--preset--color--base);border-bottom-style:solid;border-bottom-width:1px;border-left-style:none;border-left-width:0px;margin-top:0\"><summary><strong><strong>\u00bfC\u00f3mo puedo contactar con un representante en caso de emergencia?<\/strong><\/strong><\/summary>\n<p class=\"has-contrast-1-color has-text-color has-link-color wp-elements-77448b079ae055e1ac87ac85a96716a2\">Puedes contactarnos 24\/7 a trav\u00e9s de nuestro n\u00famero de emergencia: <a href=\"tel:33 1557 5568\" target=\"_blank\" rel=\"noreferrer noopener\">33 1557 5568<\/a><\/p>\n<\/details>\n\n\n\n<div style=\"margin-top:var(--wp--preset--spacing--10);margin-bottom:0;height:var(--wp--preset--spacing--10)\" aria-hidden=\"true\" class=\"wp-block-spacer\"><\/div>\n<\/div>\n<\/div>\n","protected":false},"excerpt":{"rendered":"<p>Conf\u00eda en nosotros para cuidar de ti en los momentos m\u00e1s sensibles. Cont\u00e1ctanos hoy para obtener m\u00e1s informaci\u00f3n. Reportar un fallecimiento al: 33 1557 5568, 3741096019 o da clic al bot\u00f3n Nuestros Servicios \u00abDescubre nuestros servicios integrales dise\u00f1ados para brindarte apoyo y tranquilidad en cada etapa del proceso, honrando la memoria de tus seres queridos [&hellip;]<\/p>\n","protected":false},"author":1,"featured_media":0,"parent":0,"menu_order":0,"comment_status":"closed","ping_status":"closed","template":"","meta":{"footnotes":""},"class_list":["post-12","page","type-page","status-publish","hentry"],"_links":{"self":[{"href":"https:\/\/casafunerariadelrosario.com\/index.php\/wp-json\/wp\/v2\/pages\/12","targetHints":{"allow":["GET"]}}],"collection":[{"href":"https:\/\/casafunerariadelrosario.com\/index.php\/wp-json\/wp\/v2\/pages"}],"about":[{"href":"https:\/\/casafunerariadelrosario.com\/index.php\/wp-json\/wp\/v2\/types\/page"}],"author":[{"embeddable":true,"href":"https:\/\/casafunerariadelrosario.com\/index.php\/wp-json\/wp\/v2\/users\/1"}],"replies":[{"embeddable":true,"href":"https:\/\/casafunerariadelrosario.com\/index.php\/wp-json\/wp\/v2\/comments?post=12"}],"version-history":[{"count":8,"href":"https:\/\/casafunerariadelrosario.com\/index.php\/wp-json\/wp\/v2\/pages\/12\/revisions"}],"predecessor-version":[{"id":134,"href":"https:\/\/casafunerariadelrosario.com\/index.php\/wp-json\/wp\/v2\/pages\/12\/revisions\/134"}],"wp:attachment":[{"href":"https:\/\/casafunerariadelrosario.com\/index.php\/wp-json\/wp\/v2\/media?parent=12"}],"curies":[{"name":"wp","href":"https:\/\/api.w.org\/{rel}","templated":true}]}}